{"id":628,"date":"2025-11-06T22:45:06","date_gmt":"2025-11-06T21:45:06","guid":{"rendered":"https:\/\/prenotazioni.esc.ovh\/?post_type=product&#038;p=628"},"modified":"2025-11-07T15:19:07","modified_gmt":"2025-11-07T14:19:07","slug":"e-bike-gravel-travel-assist","status":"publish","type":"product","link":"https:\/\/prenotazioni.esc.ovh\/fr\/prodotto\/e-bike-gravel-travel-assist\/","title":{"rendered":"E-Bike Gravel &#8211; Travel Assist"},"content":{"rendered":"<pre id=\"tw-target-text\" class=\"tw-data-text tw-text-large tw-ta\" dir=\"ltr\" tabindex=\"-1\" role=\"text\" data-placeholder=\"Traduzione\" data-ved=\"2ahUKEwjx1MX-nOCQAxU9hf0HHevZHlAQ3ewLegQIDBAV\" aria-label=\"Testo tradotto: Le mod\u00e8le E-Bike Gravel - Travel Assist est tout ce que vous avez toujours voulu sans jamais oser le demander.\"><span class=\"Y2IQFc\" lang=\"fr\">Le mod\u00e8le E-Bike Gravel - Travel Assist est tout ce que vous avez toujours voulu sans jamais oser le demander.<\/span><\/pre>\n","protected":false},"excerpt":{"rendered":"<p>Un v\u00e9lo fantastique pour les plus exp\u00e9riment\u00e9s.<\/p>\n","protected":false},"featured_media":562,"template":"","meta":[],"product_brand":[],"product_cat":[35],"product_tag":[],"class_list":{"0":"post-628","1":"product","2":"type-product","3":"status-publish","4":"has-post-thumbnail","6":"product_cat-non-categorise","8":"first","9":"instock","10":"shipping-taxable","11":"purchasable","12":"product-type-simple"},"_links":{"self":[{"href":"https:\/\/prenotazioni.esc.ovh\/fr\/wp-json\/wp\/v2\/product\/628","targetHints":{"allow":["GET"]}}],"collection":[{"href":"https:\/\/prenotazioni.esc.ovh\/fr\/wp-json\/wp\/v2\/product"}],"about":[{"href":"https:\/\/prenotazioni.esc.ovh\/fr\/wp-json\/wp\/v2\/types\/product"}],"wp:featuredmedia":[{"embeddable":true,"href":"https:\/\/prenotazioni.esc.ovh\/fr\/wp-json\/wp\/v2\/media\/562"}],"wp:attachment":[{"href":"https:\/\/prenotazioni.esc.ovh\/fr\/wp-json\/wp\/v2\/media?parent=628"}],"wp:term":[{"taxonomy":"product_brand","embeddable":true,"href":"https:\/\/prenotazioni.esc.ovh\/fr\/wp-json\/wp\/v2\/product_brand?post=628"},{"taxonomy":"product_cat","embeddable":true,"href":"https:\/\/prenotazioni.esc.ovh\/fr\/wp-json\/wp\/v2\/product_cat?post=628"},{"taxonomy":"product_tag","embeddable":true,"href":"https:\/\/prenotazioni.esc.ovh\/fr\/wp-json\/wp\/v2\/product_tag?post=628"}],"curies":[{"name":"wp","href":"https:\/\/api.w.org\/{rel}","templated":true}]}}