{"id":317,"date":"2025-05-22T14:11:11","date_gmt":"2025-05-22T13:11:11","guid":{"rendered":"https:\/\/prenotazioni.esc.ovh\/accueil\/"},"modified":"2025-11-07T16:57:11","modified_gmt":"2025-11-07T15:57:11","slug":"accueil","status":"publish","type":"page","link":"https:\/\/prenotazioni.esc.ovh\/fr\/","title":{"rendered":"Accueil"},"content":{"rendered":"\n<div class=\"wp-block-group is-layout-flow wp-container-core-group-is-layout-a525f7f5 wp-block-group-is-layout-flow\" style=\"margin-top:0;margin-bottom:0;padding-top:0;padding-right:0;padding-bottom:0;padding-left:0\">\n<div class=\"wp-block-cover is-light\" style=\"min-height:600px;aspect-ratio:unset;\"><img loading=\"lazy\" decoding=\"async\" width=\"1024\" height=\"576\" class=\"wp-block-cover__image-background wp-image-393 size-large\" alt=\"\" src=\"https:\/\/prenotazioni.esc.ovh\/wp-content\/uploads\/2025\/10\/hero-ski-1024x576.jpg\" data-object-fit=\"cover\" srcset=\"https:\/\/prenotazioni.esc.ovh\/wp-content\/uploads\/2025\/10\/hero-ski-1024x576.jpg 1024w, https:\/\/prenotazioni.esc.ovh\/wp-content\/uploads\/2025\/10\/hero-ski-300x169.jpg 300w, https:\/\/prenotazioni.esc.ovh\/wp-content\/uploads\/2025\/10\/hero-ski-768x432.jpg 768w, https:\/\/prenotazioni.esc.ovh\/wp-content\/uploads\/2025\/10\/hero-ski-1536x864.jpg 1536w, https:\/\/prenotazioni.esc.ovh\/wp-content\/uploads\/2025\/10\/hero-ski-600x338.jpg 600w, https:\/\/prenotazioni.esc.ovh\/wp-content\/uploads\/2025\/10\/hero-ski.jpg 1920w\" sizes=\"auto, (max-width: 1024px) 100vw, 1024px\" \/><span aria-hidden=\"true\" class=\"wp-block-cover__background has-base-background-color has-background-dim-60 has-background-dim\"><\/span><div class=\"wp-block-cover__inner-container has-global-padding is-layout-constrained wp-container-core-cover-is-layout-19e250f3 wp-block-cover-is-layout-constrained\">\n<h2 class=\"wp-block-heading has-text-align-center has-contrast-color has-text-color has-link-color has-poppins-font-family wp-elements-5dbc04a2d00759460812d14e3bb943cc\" style=\"border-style:none;border-width:0px;border-radius:0px;margin-top:0;margin-right:0;margin-bottom:0;margin-left:0;font-size:clamp(1.976rem, 1.976rem + ((1vw - 0.2rem) * 2.391), 3.5rem);line-height:1.5;text-transform:capitalize\"><strong>Exp\u00e9rience premium<\/strong><\/h2>\n\n\n\n<h2 class=\"wp-block-heading has-text-align-center gradient-text has-accent-2-color has-text-color has-link-color has-poppins-font-family wp-elements-4de8ace3bbd4e48aaf0b73251138c9d5\" style=\"font-size:clamp(2.418rem, 2.418rem + ((1vw - 0.2rem) * 3.266), 4.5rem);text-transform:capitalize\"><strong>Dans les montagnes<\/strong><\/h2>\n\n\n\n<div class=\"wp-block-group has-global-padding is-layout-constrained wp-block-group-is-layout-constrained\" style=\"padding-top:var(--wp--preset--spacing--50)\">\n<p class=\"has-text-align-center has-text-color has-link-color has-poppins-font-family has-large-font-size wp-elements-82552d91eb88697b5383f6c7e53b0333\" style=\"color:#4a5c60;margin-top:0;margin-bottom:0;font-style:normal;font-weight:500;line-height:1.6\">Location professionnelle de mat\u00e9riel de ski, de snowboard et de v\u00e9los \u00e9lectriques. Qualit\u00e9 et service internationaux.<\/p>\n\n\n\n<div class=\"wp-block-buttons is-content-justification-center is-layout-flex wp-container-core-buttons-is-layout-a89b3969 wp-block-buttons-is-layout-flex\" style=\"border-radius:0px\">\n<div class=\"wp-block-button\"><a class=\"wp-block-button__link has-background wp-element-button\" href=\"https:\/\/prenotazioni.esc.ovh\/fr\/boutique\/\" style=\"border-radius:15px;background:linear-gradient(273deg,rgb(10,77,60) 0%,rgb(0,217,255) 100%)\" rel=\"\">Explorez le magasin<\/a><\/div>\n\n\n\n<div class=\"wp-block-button is-style-outline is-style-outline--1\"><a class=\"wp-block-button__link has-accent-1-color has-base-background-color has-text-color has-background has-link-color has-border-color wp-element-button\" style=\"border-color:#00d9ff;border-width:4px;border-radius:15px\">En savoir plus<\/a><\/div>\n<\/div>\n<\/div>\n<\/div><\/div>\n\n\n\n<div class=\"wp-block-group has-background is-layout-flow wp-block-group-is-layout-flow\" style=\"background-color:#00d9ff0a;padding-top:var(--wp--preset--spacing--50);padding-right:var(--wp--preset--spacing--50);padding-bottom:var(--wp--preset--spacing--50);padding-left:var(--wp--preset--spacing--50)\">\n<div class=\"wp-block-group has-global-padding is-layout-constrained wp-block-group-is-layout-constrained\">\n<h2 class=\"wp-block-heading alignwide has-text-align-center has-contrast-color has-text-color has-link-color has-poppins-font-family has-x-large-font-size wp-elements-b3d7656cc33889fb442f9d527683117c\" style=\"border-style:none;border-width:0px;border-radius:0px;margin-top:0;margin-right:0;margin-bottom:0;margin-left:0;line-height:1.5;text-transform:none\"><strong>Toute l&rsquo;ann\u00e9e, en toute saiason<\/strong><\/h2>\n<\/div>\n\n\n\n<p class=\"has-text-align-center has-text-color has-link-color has-poppins-font-family has-large-font-size wp-elements-941e7b9b9677e665173744a2e7c1f283\" style=\"color:#4a5c60;margin-top:0;margin-bottom:0;font-style:normal;font-weight:500;line-height:1.6\">\u00c9quipement haut de gamme pour toutes vos aventures, hiver comme \u00e9t\u00e9<\/p>\n\n\n\n<div class=\"wp-block-columns is-layout-flex wp-container-core-columns-is-layout-78967999 wp-block-columns-is-layout-flex\" style=\"margin-top:var(--wp--preset--spacing--40);padding-top:0;padding-right:var(--wp--preset--spacing--60);padding-bottom:0;padding-left:var(--wp--preset--spacing--60)\">\n<div class=\"wp-block-column is-layout-flow wp-block-column-is-layout-flow\" style=\"flex-basis:50%\">\n<div class=\"wp-block-group has-global-padding is-layout-constrained wp-container-core-group-is-layout-7db9d80f wp-block-group-is-layout-constrained\" style=\"padding-right:0;padding-left:0\">\n<div class=\"wp-block-cover\" style=\"border-radius:20px;min-height:300px;aspect-ratio:unset;\"><img loading=\"lazy\" decoding=\"async\" width=\"1024\" height=\"576\" class=\"wp-block-cover__image-background wp-image-393 size-large\" alt=\"\" src=\"https:\/\/prenotazioni.esc.ovh\/wp-content\/uploads\/2025\/10\/hero-ski-1024x576.jpg\" data-object-fit=\"cover\" srcset=\"https:\/\/prenotazioni.esc.ovh\/wp-content\/uploads\/2025\/10\/hero-ski-1024x576.jpg 1024w, https:\/\/prenotazioni.esc.ovh\/wp-content\/uploads\/2025\/10\/hero-ski-300x169.jpg 300w, https:\/\/prenotazioni.esc.ovh\/wp-content\/uploads\/2025\/10\/hero-ski-768x432.jpg 768w, https:\/\/prenotazioni.esc.ovh\/wp-content\/uploads\/2025\/10\/hero-ski-1536x864.jpg 1536w, https:\/\/prenotazioni.esc.ovh\/wp-content\/uploads\/2025\/10\/hero-ski-600x338.jpg 600w, https:\/\/prenotazioni.esc.ovh\/wp-content\/uploads\/2025\/10\/hero-ski.jpg 1920w\" sizes=\"auto, (max-width: 1024px) 100vw, 1024px\" \/><span aria-hidden=\"true\" class=\"wp-block-cover__background has-background-dim wp-block-cover__gradient-background has-background-gradient\" style=\"background:linear-gradient(180deg,rgba(255,255,255,0.57) 0%,rgb(254,254,254) 72%)\"><\/span><div class=\"wp-block-cover__inner-container has-global-padding is-layout-constrained wp-container-core-cover-is-layout-19e250f3 wp-block-cover-is-layout-constrained\">\n<p class=\"has-text-align-left has-accent-1-color has-text-color has-link-color has-poppins-font-family wp-elements-1ce0bc878b6394034c26b6bcbb54759e\" style=\"font-size:clamp(1.25rem, 1.25rem + ((1vw - 0.2rem) * 1.176), 2rem);font-style:normal;font-weight:500\"><span class=\"wp-rich-text-font-awesome-icon wp-font-awesome-icon\"><svg aria-hidden=\"true\" focusable=\"false\" data-prefix=\"fas\" data-icon=\"person-snowboarding\" class=\"svg-inline--fa fa-person-snowboarding \" role=\"img\" xmlns=\"http:\/\/www.w3.org\/2000\/svg\" viewBox=\"0 0 576 512\"><path fill=\"currentColor\" d=\"M424.5 16a56 56 0 1 1 0 112 56 56 0 1 1 0-112zM166.4 45.5c10.2-14.4 30.2-17.9 44.6-7.7l272 192c14.4 10.2 17.9 30.2 7.7 44.6s-30.2 17.9-44.6 7.7l-92.2-65.1-62.2 53.3 32.1 26.7c18.2 15.2 28.8 37.7 28.8 61.5l0 87.8 77.5 15.2c6.2 1.2 12.6 .9 18.7-.8l41.2-11.8c12.7-3.6 26 3.7 29.7 16.5s-3.7 26-16.5 29.7l-41.2 11.8c-13.4 3.8-27.4 4.4-41.1 1.8L87.1 443.3c-17.2-3.4-33-11.8-45.3-24.1L15.5 393c-9.4-9.4-9.4-24.6 0-33.9s24.6-9.4 33.9 0l26.2 26.2c5.6 5.6 12.8 9.4 20.6 11l64.2 12.6 0-123.7c0-27.7 12-54 32.8-72.2l69-60.4-88.2-62.3C159.6 80 156.2 60 166.4 45.5zm58.1 375.7l64 12.5 0-75.3c0-4.7-2.1-9.3-5.8-12.3l-58.2-48.5 0 123.6z\"><\/path><\/svg><\/span><\/p>\n\n\n\n<p class=\"has-text-align-left has-contrast-color has-text-color has-link-color has-poppins-font-family wp-elements-7eea24962bb80b7362e4e6c1072435bc\" style=\"font-size:clamp(1.25rem, 1.25rem + ((1vw - 0.2rem) * 1.176), 2rem);font-style:normal;font-weight:500\">Inverno<\/p>\n\n\n\n<p class=\"has-text-align-left has-accent-4-color has-text-color has-link-color has-poppins-font-family has-large-font-size wp-elements-d63e6e181016fd9259afc8c1aad0e87a\" style=\"margin-top:0;margin-bottom:0;font-style:normal;font-weight:500;line-height:1.6\">Sci, Snowboard, Caschi, Scarponi, Ciaspole.<\/p>\n\n\n\n<div class=\"wp-block-buttons is-layout-flex wp-block-buttons-is-layout-flex\" style=\"margin-top:var(--wp--preset--spacing--30);padding-top:0\">\n<div class=\"wp-block-button\"><a class=\"wp-block-button__link has-background wp-element-button\" style=\"border-radius:15px;background:linear-gradient(13deg,rgb(65,226,255) 0%,rgb(1,174,204) 100%);padding-top:var(--wp--preset--spacing--20);padding-right:var(--wp--preset--spacing--30);padding-bottom:var(--wp--preset--spacing--20);padding-left:var(--wp--preset--spacing--30)\">scopri inverno<\/a><\/div>\n<\/div>\n<\/div><\/div>\n<\/div>\n<\/div>\n\n\n\n<div class=\"wp-block-column is-layout-flow wp-block-column-is-layout-flow\" style=\"padding-right:0;padding-left:0;flex-basis:50%\">\n<div class=\"wp-block-group has-global-padding is-layout-constrained wp-container-core-group-is-layout-7db9d80f wp-block-group-is-layout-constrained\" style=\"padding-right:0;padding-left:0\">\n<div class=\"wp-block-cover\" style=\"border-radius:20px;min-height:300px;aspect-ratio:unset;\"><img loading=\"lazy\" decoding=\"async\" width=\"1024\" height=\"576\" class=\"wp-block-cover__image-background wp-image-452 size-large\" alt=\"\" src=\"https:\/\/prenotazioni.esc.ovh\/wp-content\/uploads\/2025\/10\/hero-ebike-1024x576.jpg\" style=\"object-position:19% 48%\" data-object-fit=\"cover\" data-object-position=\"19% 48%\" srcset=\"https:\/\/prenotazioni.esc.ovh\/wp-content\/uploads\/2025\/10\/hero-ebike-1024x576.jpg 1024w, https:\/\/prenotazioni.esc.ovh\/wp-content\/uploads\/2025\/10\/hero-ebike-300x169.jpg 300w, https:\/\/prenotazioni.esc.ovh\/wp-content\/uploads\/2025\/10\/hero-ebike-768x432.jpg 768w, https:\/\/prenotazioni.esc.ovh\/wp-content\/uploads\/2025\/10\/hero-ebike-1536x864.jpg 1536w, https:\/\/prenotazioni.esc.ovh\/wp-content\/uploads\/2025\/10\/hero-ebike-600x338.jpg 600w, https:\/\/prenotazioni.esc.ovh\/wp-content\/uploads\/2025\/10\/hero-ebike.jpg 1920w\" sizes=\"auto, (max-width: 1024px) 100vw, 1024px\" \/><span aria-hidden=\"true\" class=\"wp-block-cover__background has-background-dim wp-block-cover__gradient-background has-background-gradient\" style=\"background:linear-gradient(180deg,rgba(255,255,255,0.57) 0%,rgb(254,254,254) 72%)\"><\/span><div class=\"wp-block-cover__inner-container has-global-padding is-layout-constrained wp-container-core-cover-is-layout-19e250f3 wp-block-cover-is-layout-constrained\">\n<p class=\"has-text-align-left has-accent-1-color has-text-color has-link-color has-poppins-font-family wp-elements-f5f8c6309c2a28ed02f0f8a19f63badf\" style=\"font-size:clamp(1.25rem, 1.25rem + ((1vw - 0.2rem) * 1.176), 2rem);font-style:normal;font-weight:500\"><span class=\"wp-rich-text-font-awesome-icon wp-font-awesome-icon\"><svg aria-hidden=\"true\" focusable=\"false\" data-prefix=\"fas\" data-icon=\"person-biking\" class=\"svg-inline--fa fa-person-biking \" role=\"img\" xmlns=\"http:\/\/www.w3.org\/2000\/svg\" viewBox=\"0 0 576 512\"><path fill=\"currentColor\" d=\"M368 96a48 48 0 1 0 0-96 48 48 0 1 0 0 96zm27.2 64l-61.8-48.8c-17.3-13.6-41.7-13.8-59.1-.3l-83.1 64.2c-30.7 23.8-28.5 70.8 4.3 91.6L256 305.1 256 416c0 17.7 14.3 32 32 32s32-14.3 32-32l0-128c0-10.7-5.3-20.7-14.2-26.6L263 232.9 323.3 184.4 364 217c5.7 4.5 12.7 7 20 7l64 0c17.7 0 32-14.3 32-32s-14.3-32-32-32l-52.8 0zM112 512a112 112 0 1 0 0-224 112 112 0 1 0 0 224zm352 0a112 112 0 1 0 0-224 112 112 0 1 0 0 224z\"><\/path><\/svg><\/span><\/p>\n\n\n\n<p class=\"has-text-align-left has-contrast-color has-text-color has-link-color has-poppins-font-family wp-elements-3b11f86f1b5815eac0ef6002d0de14ba\" style=\"font-size:clamp(1.25rem, 1.25rem + ((1vw - 0.2rem) * 1.176), 2rem);font-style:normal;font-weight:500\">Estate<\/p>\n\n\n\n<p class=\"has-text-align-left has-accent-4-color has-text-color has-link-color has-poppins-font-family has-large-font-size wp-elements-fb54d8c8723ec0c99247838c2efd84db\" style=\"margin-top:0;margin-bottom:0;font-style:normal;font-weight:500;line-height:1.6\">E-Bike, Mountain Bike, Accessori<\/p>\n\n\n\n<div class=\"wp-block-buttons is-layout-flex wp-block-buttons-is-layout-flex\" style=\"margin-top:var(--wp--preset--spacing--30);padding-top:0\">\n<div class=\"wp-block-button\"><a class=\"wp-block-button__link has-background wp-element-button\" style=\"border-radius:15px;background:linear-gradient(13deg,rgb(65,226,255) 0%,rgb(1,174,204) 100%);padding-top:var(--wp--preset--spacing--20);padding-right:var(--wp--preset--spacing--30);padding-bottom:var(--wp--preset--spacing--20);padding-left:var(--wp--preset--spacing--30)\">scopri estate<\/a><\/div>\n<\/div>\n<\/div><\/div>\n<\/div>\n<\/div>\n<\/div>\n<\/div>\n\n\n\n<div class=\"wp-block-group is-layout-flow wp-block-group-is-layout-flow\" style=\"padding-top:var(--wp--preset--spacing--50);padding-right:var(--wp--preset--spacing--50);padding-bottom:var(--wp--preset--spacing--50);padding-left:var(--wp--preset--spacing--50)\">\n<div class=\"wp-block-group has-global-padding is-layout-constrained wp-block-group-is-layout-constrained\">\n<h2 class=\"wp-block-heading alignwide has-text-align-center has-contrast-color has-text-color has-link-color has-poppins-font-family has-x-large-font-size wp-elements-b47666ec56a9ed2aa80433e0a45b29d7\" style=\"border-style:none;border-width:0px;border-radius:0px;margin-top:0;margin-right:0;margin-bottom:0;margin-left:0;line-height:1.5;text-transform:capitalize\"><strong>Perch\u00e9 scegliere Alpine Rentals<\/strong><\/h2>\n<\/div>\n\n\n\n<p class=\"has-text-align-center has-text-color has-link-color has-poppins-font-family has-large-font-size wp-elements-c546288ae898d6f242698ab5216079e1\" style=\"color:#4a5c60;margin-top:0;margin-bottom:0;font-style:normal;font-weight:500;line-height:1.6\">Eccellenza e professionalit\u00e0 in ogni dettaglio<\/p>\n\n\n\n<div class=\"wp-block-columns is-layout-flex wp-container-core-columns-is-layout-78967999 wp-block-columns-is-layout-flex\" style=\"margin-top:var(--wp--preset--spacing--40);padding-top:0;padding-right:var(--wp--preset--spacing--60);padding-bottom:0;padding-left:var(--wp--preset--spacing--60)\">\n<div class=\"wp-block-column has-border-color is-layout-flow wp-container-core-column-is-layout-ab4d5033 wp-block-column-is-layout-flow\" style=\"border-color:#00d9ff;border-width:2px;border-radius:20px;padding-top:var(--wp--preset--spacing--20);padding-right:var(--wp--preset--spacing--30);padding-bottom:var(--wp--preset--spacing--20);padding-left:var(--wp--preset--spacing--30)\">\n<div class=\"wp-block-group has-global-padding is-layout-constrained wp-block-group-is-layout-constrained\">\n<div class=\"wp-block-group is-vertical is-content-justification-center is-layout-flex wp-container-core-group-is-layout-b6c1f246 wp-block-group-is-layout-flex\">\n<p class=\"has-text-align-center has-background has-large-font-size\" style=\"border-radius:100px;background:linear-gradient(135deg,rgb(0,217,255) 0%,rgb(10,77,60) 100%);margin-top:0;margin-right:0;margin-bottom:0;margin-left:0;padding-top:var(--wp--preset--spacing--20);padding-right:var(--wp--preset--spacing--20);padding-bottom:var(--wp--preset--spacing--20);padding-left:var(--wp--preset--spacing--20)\"><span class=\"wp-rich-text-font-awesome-icon wp-font-awesome-icon\"><svg aria-hidden=\"true\" focusable=\"false\" data-prefix=\"fas\" data-icon=\"shield\" class=\"svg-inline--fa fa-shield \" role=\"img\" xmlns=\"http:\/\/www.w3.org\/2000\/svg\" viewBox=\"0 0 512 512\" style=\"font-size:2.5em\" color=\"#FFFFFF\"><path fill=\"currentColor\" d=\"M256 0c4.6 0 9.2 1 13.4 2.9L457.8 82.8c22 9.3 38.4 31 38.3 57.2-.5 99.2-41.3 280.7-213.6 363.2-16.7 8-36.1 8-52.8 0-172.4-82.5-213.1-264-213.6-363.2-.1-26.2 16.3-47.9 38.3-57.2L242.7 2.9C246.9 1 251.4 0 256 0z\"><\/path><\/svg><\/span><\/p>\n<\/div>\n\n\n\n<p class=\"has-text-align-center\"><strong>Qualit\u00e0 garantita<\/strong><\/p>\n\n\n\n<p class=\"has-text-align-center has-small-font-size\">Attrezzature di ultima generazione, costantemente manutenute e certificate<\/p>\n<\/div>\n<\/div>\n\n\n\n<div class=\"wp-block-column has-border-color is-layout-flow wp-container-core-column-is-layout-ab4d5033 wp-block-column-is-layout-flow\" style=\"border-color:#00d9ff;border-width:2px;border-radius:20px;padding-top:var(--wp--preset--spacing--20);padding-right:var(--wp--preset--spacing--30);padding-bottom:var(--wp--preset--spacing--20);padding-left:var(--wp--preset--spacing--30)\">\n<div class=\"wp-block-group has-global-padding is-layout-constrained wp-block-group-is-layout-constrained\">\n<div class=\"wp-block-group is-vertical is-content-justification-center is-layout-flex wp-container-core-group-is-layout-b6c1f246 wp-block-group-is-layout-flex\">\n<p class=\"has-text-align-center has-background has-large-font-size\" style=\"border-radius:100px;background:linear-gradient(135deg,rgb(0,217,255) 0%,rgb(10,77,60) 100%);margin-top:0;margin-right:0;margin-bottom:0;margin-left:0;padding-top:var(--wp--preset--spacing--20);padding-right:var(--wp--preset--spacing--20);padding-bottom:var(--wp--preset--spacing--20);padding-left:var(--wp--preset--spacing--20)\"><span class=\"wp-rich-text-font-awesome-icon wp-font-awesome-icon\"><svg aria-hidden=\"true\" focusable=\"false\" data-prefix=\"fas\" data-icon=\"medal\" class=\"svg-inline--fa fa-medal \" role=\"img\" xmlns=\"http:\/\/www.w3.org\/2000\/svg\" viewBox=\"0 0 448 512\" style=\"font-size:2.5em\" color=\"#FFFFFF\"><path fill=\"currentColor\" d=\"M224.3 128L139.7-12.9c-6.5-10.8-20.1-14.7-31.3-9.1L21.8 21.3C9.9 27.2 5.1 41.6 11 53.5L80.6 192.6c-30.1 33.9-48.3 78.5-48.3 127.4 0 106 86 192 192 192s192-86 192-192c0-48.9-18.3-93.5-48.3-127.4L437.6 53.5c5.9-11.9 1.1-26.3-10.7-32.2L340.2-22.1c-11.2-5.6-24.9-1.6-31.3 9.1L224.3 128zm30.8 142.5c1.4 2.8 4 4.7 7 5.1l50.1 7.3c7.7 1.1 10.7 10.5 5.2 16l-36.3 35.4c-2.2 2.2-3.2 5.2-2.7 8.3l8.6 49.9c1.3 7.6-6.7 13.5-13.6 9.9l-44.8-23.6c-2.7-1.4-6-1.4-8.7 0l-44.8 23.6c-6.9 3.6-14.9-2.2-13.6-9.9l8.6-49.9c.5-3-.5-6.1-2.7-8.3l-36.3-35.4c-5.6-5.4-2.5-14.8 5.2-16l50.1-7.3c3-.4 5.7-2.4 7-5.1l22.4-45.4c3.4-7 13.3-7 16.8 0l22.4 45.4z\"><\/path><\/svg><\/span><\/p>\n<\/div>\n\n\n\n<p class=\"has-text-align-center\"><strong>Standard Professionali<\/strong><\/p>\n\n\n\n<p class=\"has-text-align-center has-small-font-size\">Servizio di livello multinazionale con personale esperto e qualificato<\/p>\n<\/div>\n<\/div>\n\n\n\n<div class=\"wp-block-column has-border-color is-layout-flow wp-container-core-column-is-layout-ab4d5033 wp-block-column-is-layout-flow\" style=\"border-color:#00d9ff;border-width:2px;border-radius:20px;padding-top:var(--wp--preset--spacing--20);padding-right:var(--wp--preset--spacing--30);padding-bottom:var(--wp--preset--spacing--20);padding-left:var(--wp--preset--spacing--30)\">\n<div class=\"wp-block-group has-global-padding is-layout-constrained wp-block-group-is-layout-constrained\">\n<div class=\"wp-block-group is-vertical is-content-justification-center is-layout-flex wp-container-core-group-is-layout-b6c1f246 wp-block-group-is-layout-flex\">\n<p class=\"has-text-align-center has-background has-large-font-size\" style=\"border-radius:100px;background:linear-gradient(135deg,rgb(0,217,255) 0%,rgb(10,77,60) 100%);margin-top:0;margin-right:0;margin-bottom:0;margin-left:0;padding-top:var(--wp--preset--spacing--20);padding-right:var(--wp--preset--spacing--20);padding-bottom:var(--wp--preset--spacing--20);padding-left:var(--wp--preset--spacing--20)\"><span class=\"wp-rich-text-font-awesome-icon wp-font-awesome-icon\"><svg aria-hidden=\"true\" focusable=\"false\" data-prefix=\"fas\" data-icon=\"clock\" class=\"svg-inline--fa fa-clock \" role=\"img\" xmlns=\"http:\/\/www.w3.org\/2000\/svg\" viewBox=\"0 0 512 512\" style=\"font-size:2.5em\" color=\"#FFFFFF\"><path fill=\"currentColor\" d=\"M256 0a256 256 0 1 1 0 512 256 256 0 1 1 0-512zM232 120l0 136c0 8 4 15.5 10.7 20l96 64c11 7.4 25.9 4.4 33.3-6.7s4.4-25.9-6.7-33.3L280 243.2 280 120c0-13.3-10.7-24-24-24s-24 10.7-24 24z\"><\/path><\/svg><\/span><\/p>\n<\/div>\n\n\n\n<p class=\"has-text-align-center\"><strong>Noleggio Flessibile<\/strong><\/p>\n\n\n\n<p class=\"has-text-align-center has-small-font-size\">Soluzioni personalizzate per ogni esigenza, da un giorno a una stagione<\/p>\n<\/div>\n<\/div>\n\n\n\n<div class=\"wp-block-column has-border-color is-layout-flow wp-container-core-column-is-layout-ab4d5033 wp-block-column-is-layout-flow\" style=\"border-color:#00d9ff;border-width:2px;border-radius:20px;padding-top:var(--wp--preset--spacing--20);padding-right:var(--wp--preset--spacing--30);padding-bottom:var(--wp--preset--spacing--20);padding-left:var(--wp--preset--spacing--30)\">\n<div class=\"wp-block-group has-global-padding is-layout-constrained wp-block-group-is-layout-constrained\">\n<div class=\"wp-block-group is-vertical is-content-justification-center is-layout-flex wp-container-core-group-is-layout-b6c1f246 wp-block-group-is-layout-flex\">\n<p class=\"has-text-align-center has-background has-large-font-size\" style=\"border-radius:100px;background:linear-gradient(135deg,rgb(0,217,255) 0%,rgb(10,77,60) 100%);margin-top:0;margin-right:0;margin-bottom:0;margin-left:0;padding-top:var(--wp--preset--spacing--20);padding-right:var(--wp--preset--spacing--20);padding-bottom:var(--wp--preset--spacing--20);padding-left:var(--wp--preset--spacing--20)\"><span class=\"wp-rich-text-font-awesome-icon wp-font-awesome-icon\"><svg aria-hidden=\"true\" focusable=\"false\" data-prefix=\"fas\" data-icon=\"hand-holding-heart\" class=\"svg-inline--fa fa-hand-holding-heart \" role=\"img\" xmlns=\"http:\/\/www.w3.org\/2000\/svg\" viewBox=\"0 0 576 512\" style=\"font-size:2.5em\" color=\"#FFFFFF\"><path fill=\"currentColor\" d=\"M279.6 31C265.5 11.5 242.9 0 218.9 0 177.5 0 144 33.5 144 74.9l0 2.4c0 64.4 82 133.4 122.2 163.3 13 9.7 30.5 9.7 43.5 0 40.2-30 122.2-98.9 122.2-163.3l0-2.4c0-41.4-33.5-74.9-74.9-74.9-24 0-46.6 11.5-60.7 31L288 42.7 279.6 31zM109.3 341.5L66.7 384 32 384c-17.7 0-32 14.3-32 32l0 64c0 17.7 14.3 32 32 32l320.5 0c29 0 57.3-9.3 80.7-26.5l126.6-93.3c17.8-13.1 21.6-38.1 8.5-55.9s-38.1-21.6-55.9-8.5L392.6 416 280 416c-13.3 0-24-10.7-24-24s10.7-24 24-24l72 0c17.7 0 32-14.3 32-32s-14.3-32-32-32l-152.2 0c-33.9 0-66.5 13.5-90.5 37.5z\"><\/path><\/svg><\/span><\/p>\n<\/div>\n\n\n\n<p class=\"has-text-align-center\"><strong>Assistenza Premium<\/strong><\/p>\n\n\n\n<p class=\"has-text-align-center has-small-font-size\">Supporto dedicato prima, durante e dopo il noleggio<\/p>\n<\/div>\n<\/div>\n<\/div>\n<\/div>\n<\/div>\n","protected":false},"excerpt":{"rendered":"<p>Toute l&rsquo;ann\u00e9e, en toute saiason \u00c9quipement haut de gamme pour toutes vos aventures, hiver comme \u00e9t\u00e9 Perch\u00e9 scegliere Alpine Rentals Eccellenza e professionalit\u00e0 in ogni dettaglio Qualit\u00e0 garantita Attrezzature di ultima generazione, costantemente manutenute e certificate Standard Professionali Servizio di livello multinazionale con personale esperto e qualificato Noleggio Flessibile Soluzioni personalizzate per ogni esigenza, da [&hellip;]<\/p>\n","protected":false},"author":1,"featured_media":0,"parent":0,"menu_order":0,"comment_status":"closed","ping_status":"closed","template":"page-no-title","meta":{"footnotes":""},"class_list":["post-317","page","type-page","status-publish","hentry"],"_links":{"self":[{"href":"https:\/\/prenotazioni.esc.ovh\/fr\/wp-json\/wp\/v2\/pages\/317","targetHints":{"allow":["GET"]}}],"collection":[{"href":"https:\/\/prenotazioni.esc.ovh\/fr\/wp-json\/wp\/v2\/pages"}],"about":[{"href":"https:\/\/prenotazioni.esc.ovh\/fr\/wp-json\/wp\/v2\/types\/page"}],"author":[{"embeddable":true,"href":"https:\/\/prenotazioni.esc.ovh\/fr\/wp-json\/wp\/v2\/users\/1"}],"replies":[{"embeddable":true,"href":"https:\/\/prenotazioni.esc.ovh\/fr\/wp-json\/wp\/v2\/comments?post=317"}],"version-history":[{"count":7,"href":"https:\/\/prenotazioni.esc.ovh\/fr\/wp-json\/wp\/v2\/pages\/317\/revisions"}],"predecessor-version":[{"id":673,"href":"https:\/\/prenotazioni.esc.ovh\/fr\/wp-json\/wp\/v2\/pages\/317\/revisions\/673"}],"wp:attachment":[{"href":"https:\/\/prenotazioni.esc.ovh\/fr\/wp-json\/wp\/v2\/media?parent=317"}],"curies":[{"name":"wp","href":"https:\/\/api.w.org\/{rel}","templated":true}]}}